{"id":184,"date":"2019-10-01T02:15:00","date_gmt":"2019-10-01T00:15:00","guid":{"rendered":"https:\/\/pwwl.de\/english\/?page_id=184"},"modified":"2026-03-31T15:31:48","modified_gmt":"2026-03-31T13:31:48","slug":"imprint","status":"publish","type":"page","link":"https:\/\/pwwl.de\/en\/imprint\/","title":{"rendered":"Imprint"},"content":{"rendered":"\n<p>Pflichtangaben gem\u00e4\u00df \u00a7 5 TMG \/ \u00a7 55 RStV und DL-InfoV<\/p>\n\n\n\n<h3 class=\"wp-block-heading\">Name<\/h3>\n\n\n\n<p>Pusch Wahlig Workplace Law<br>Partnerschaft von Rechtsanw\u00e4lten mit beschr\u00e4nkter Berufshaftung<\/p>\n\n\n\n<h3 class=\"wp-block-heading\">Rechtsform<\/h3>\n\n\n\n<p>Partnerschaft im Sinne des Gesetzes \u00fcber Partnerschaftsgesellschaften Angeh\u00f6riger Freier Berufe<\/p>\n\n\n\n<h3 class=\"wp-block-heading\">Sitz und Handelsregisterangaben<\/h3>\n\n\n\n<p>Sitz der Gesellschaft ist Berlin (eingetragen im Handelsregister des Amtsgerichts Charlottenburg unter PR 414 B)<\/p>\n\n\n\n<h3 class=\"wp-block-heading\">Berufsbezeichnung<\/h3>\n\n\n\n<p>Rechtsanw\u00e4ltin oder Rechtsanwalt (verliehen in der Bundesrepublik Deutschland)<\/p>\n\n\n\n<p>Die Rechtsanw\u00e4ltinnen und Rechtsanw\u00e4lte der Kanzlei sind in der Bundesrepublik Deutschland als Rechtsanw\u00e4ltin bzw. Rechtsanwalt zugelassen.<\/p>\n\n\n\n<h3 class=\"wp-block-heading\">Vertretungsberechtigte Personen und zust\u00e4ndige Aufsichtsbeh\u00f6rden<\/h3>\n\n\n\n<p>Vertretungsberechtigt f\u00fcr die Gesellschaft sind unabh\u00e4ngig von ihrem Kanzleisitz die Partner im Sinne des Partnerschaftsgesellschaftsgesetzes:<\/p>\n\n\n\n<p><strong>B\u00fcro Berlin<\/strong><\/p>\n\n\n\n<p>Dr. Tobias Pusch, Thomas Wahlig, Dr. Jochen Keilich,&nbsp;Dr. Michael Witteler, Britta Alscher, Dr. Falko Daub, Eckbert M\u00fcller, Dr. Paul Brummer,  Dr. Constanze Mercedes Merkelbach-Scholtka<\/p>\n\n\n\n<p>Sitz der Kanzlei:<\/p>\n\n\n\n<p>Berliner Freiheit 2<br>10785 Berlin<br>T &nbsp; <a href=\"tel:+49(0)3020629530\">+49 (0) 30 20 62 953-0<\/a><br>F &nbsp; +49 (0) 30 20 62 953-99<\/p>\n\n\n\n<p>Zust\u00e4ndige Rechtsanwaltskammer:<\/p>\n\n\n\n<p>Rechtsanwaltskammer Berlin<br>K\u00f6rperschaft des \u00f6ffentlichen Rechts<br>Littenstr. 9<br>10179 Berlin<br>T &nbsp; <a href=\"tel:+49(0)303069310\">+49 (0) 30 30 69 31-0<\/a><\/p>\n\n\n\n<p><strong>B\u00fcro D\u00fcsseldorf<\/strong><\/p>\n\n\n\n<p>Dr. Tobias Brors, Dr. Eva Trost, Dr. Timon Grau<\/p>\n\n\n\n<p>Sitz der Kanzlei:<\/p>\n\n\n\n<p>Vertikum<br>Josephinenstra\u00dfe 17<br>40212 D\u00fcsseldorf<br>T &nbsp; <a href=\"tel:+49(0)2115287450\">+49 (0) 211 52 87 45-0<\/a><br>F &nbsp; +49 (0) 211 52 87 45-22<\/p>\n\n\n\n<p>Zust\u00e4ndige Rechtsanwaltskammer:<\/p>\n\n\n\n<p>Rechtsanwaltskammer D\u00fcsseldorf<br>K\u00f6rperschaft des \u00f6ffentlichen Rechts<br>Freiligrathstra\u00dfe 25<br>40479 D\u00fcsseldorf<br>T &nbsp; <a href=\"tel:+49(0)211495020\">+49 (0) 211 49 50 2-0<\/a><\/p>\n\n\n\n<p><strong>B\u00fcro Frankfurt am Main<\/strong><\/p>\n\n\n\n<p>Dr. Holger Thomas, Eva Wi\u00dfler, Dr. Thomas Thees, Walter Born, Johannes Wickler, Dr. Anna Franziska Hauer, Inka Adam, Frank Lenzen, Dr. Jan W. Grawe<\/p>\n\n\n\n<p>Sitz der Kanzlei:<\/p>\n\n\n\n<p>T4<br>Junghofstra\u00dfe 9<br>60315 Frankfurt<br>T &nbsp; <a href=\"tel:+49(0)6934876390\">+49 (0) 69 34 87 63 9-0<\/a><br>F &nbsp; +49 (0) 69 34 87 63 9-99<\/p>\n\n\n\n<p>Zust\u00e4ndige Rechtsanwaltskammer:<\/p>\n\n\n\n<p>Rechtsanwaltskammer Frankfurt am Main<br>K\u00f6rperschaft des \u00f6ffentlichen Rechts<br>Bockenheimer Anlage 36<br>60322 Frankfurt am Main<br>T &nbsp; <a href=\"tel:+49(0)6917009801\">+49 (0) 69 17 00 98-01<\/a><\/p>\n\n\n\n<p><strong>B\u00fcro M\u00fcnchen:<\/strong><\/p>\n\n\n\n<p>Jan Rudolph, Ingo Sappa, Meike Christine Rehner<\/p>\n\n\n\n<p>Sitz der Kanzlei:<br><br>Barer Stra\u00dfe 7<br>80333 M\u00fcnchen<br>T &nbsp; <a href=\"tel:+49(0)8921539280\">+49 (0) 89 215 39 28-0<\/a><br>F &nbsp; +49 (0) 89 215 39 28-99<\/p>\n\n\n\n<p>Zust\u00e4ndige Rechtsanwaltskammer:<\/p>\n\n\n\n<p>Rechtsanwaltskammer M\u00fcnchen<br>K\u00f6rperschaft des \u00f6ffentlichen Rechts<br>Tal 33<br>80331 M\u00fcnchen<br>T &nbsp; <a href=\"tel:+49(0)895329440\">+49 (0) 89 53 29 44-0<\/a><\/p>\n\n\n\n<p><strong>B\u00fcro Hamburg<\/strong><\/p>\n\n\n\n<p>Dr. Albrecht Nehls, Jacob Keyl, Dr. Andreas M. Sch\u00f6nh\u00f6ft<\/p>\n\n\n\n<p>Sitz der Kanzlei:<\/p>\n\n\n\n<p>Hohe Bleichen 10<br>20354 Hamburg<br>T + 49 (0) 40 30 06 872-0<br>F + 49 (0) 40 30 06 872-99<\/p>\n\n\n\n<p>Zust\u00e4ndige Rechtsanwaltskammer:<\/p>\n\n\n\n<p>Hanseatische Rechtsanwaltskammer Hamburg<br>K\u00f6rperschaft des \u00d6ffentlichen Rechts<br>Valentinskamp 88, 20355 Hamburg<br>T &nbsp; <a href=\"tel:+49(0)6917009801\">+49 (0) 35 74 41 -0<\/a>                                  <\/p>\n\n\n\n<p><strong>B\u00fcro K\u00f6ln<\/strong><\/p>\n\n\n\n<p>Verena Braeckeler-Kogel, Dr. Jeremy Bister<\/p>\n\n\n\n<p>Sitz der Kanzlei:<\/p>\n\n\n\n<p>K\u00f6lnTurm<br>Im Mediapark 8<br>50670 K\u00f6ln<\/p>\n\n\n\n<p>T &nbsp;&nbsp;<a href=\"tel:+49(0)3020629530\">+49 (0) 221 47 67 10-0<\/a>&nbsp;<br>F &nbsp; +49 (0) 221 47 67 10-99<\/p>\n\n\n\n<p>Zust\u00e4ndige Rechtsanwaltskammer:<\/p>\n\n\n\n<p>Rechtsanwaltskammer K\u00f6ln<br>Riehler Stra\u00dfe 30 <br>50668 K\u00f6ln<br>T &nbsp; <a href=\"tel:+49(0)6917009801\">+49 (0) 221 97 30 10-50<\/a><\/p>\n\n\n\n<p><strong>Berufsrechtliche Regelungen<\/strong><\/p>\n\n\n\n<p>Bundesrechtsanwaltsordnung (BRAO)<br>Berufsordnung f\u00fcr Rechtsanw\u00e4lte (BORA)<br>Fachanwaltsordnung (FAO)<br>Rechtsanwaltsverg\u00fctungsgesetz (RVG)<br>Berufsregelungen der Rechtsanw\u00e4lte der Europ\u00e4ischen Union (CCBE<br>Berufsregeln)<br>Berufsrechtliche Erg\u00e4nzungen zum Geldw\u00e4schebek\u00e4mpfungsgesetz (GwG)<\/p>\n\n\n\n<p>Das anwaltliche Berufsrecht kann u.a. auf der Internetseite der Bundesrechtsanwaltskammer (www.brak.de) unter dem Punkt \u201eBerufsrecht\u201c eingesehen werden.<\/p>\n\n\n\n<h3 class=\"wp-block-heading\">Informationen zur Haftpflichtversicherung<\/h3>\n\n\n\n<p>Rechtsanw\u00e4ltinnen und Rechtsanw\u00e4lte sind aufgrund der Bundesrechtsanwaltsordnung (BRAO) verpflichtet, eine Berufshaftpflichtversicherung mit einer Mindestversicherungssumme von 250.000,00 EUR zu unterhalten. Die Einzelheiten ergeben sich aus \u00a7 51 BRAO.<\/p>\n\n\n\n<p>F\u00fcr die Rechtsanw\u00e4ltinnen und Rechtsanw\u00e4lte besteht eine Berufshaftpflichtversicherung bei:<\/p>\n\n\n\n<p>AIG Europe S.A.<br>Neue Mainzer Stra\u00dfe 46-50<br>60311 Frankfurt am Main<\/p>\n\n\n\n<p>Ihr Geltungsbereich erstreckt sich weltweit.<\/p>\n\n\n\n<p><strong>Informationen zur au\u00dfergerichtlichen Streitschlichtung<\/strong><\/p>\n\n\n\n<p>Bei Streitigkeiten zwischen Rechtsanw\u00e4lten und ihren Mandanten besteht auf Antrag die M\u00f6glichkeit der au\u00dfergerichtlichen Streitschlichtung bei der \u00f6rtlichen Rechtsanwaltskammer (Anschrift siehe oben) oder bei der Schlichtungsstelle der Rechtsanwaltschaft bei der Bundesrechtsanwaltskammer.<\/p>\n\n\n\n<p>Die Organisation der Schlichtungsstelle der Rechtsanwaltschaft und der Ablauf der Schlichtungsverfahren sind in der Satzung der Schlichtungsstelle der Rechtsanwaltschaft geregelt. Weitere Informationen finden Sie auf dem Internetangebot der Schlichtungsstelle der Rechtsanwaltschaft (www.schlichtungsstelle-der-rechtsanwaltschaft.de).<\/p>\n\n\n\n<p>Anschrift der Schlichtungsstelle der Rechtsanwaltschaft:<br>Neue Gr\u00fcnstr. 17<br>10179 Berlin<br>T &nbsp; <a href=\"tel:+49(0)3028444170\">+49 (0) 30 28 44 41 70<\/a><br>E &nbsp; <a href=\"mailto:schlichtungsstelle@s-d-r.org\">schlichtungsstelle@s-d-r.org<\/a><\/p>\n\n\n\n<h3 class=\"wp-block-heading\">Information zur Interessenkollision<\/h3>\n\n\n\n<p>Die Wahrnehmung widerstreitender Interessen ist Rechtsanw\u00e4lten aufgrund berufsrechtlicher Regelungen gem\u00e4\u00df BRAO untersagt. Vor Annahme eines Mandats wird eine Pr\u00fcfung durchgef\u00fchrt, ob widerstreitende Interessen vorliegen.<\/p>\n\n\n\n<h3 class=\"wp-block-heading\">Umsatzsteuer-Identifikationsnummer<\/h3>\n\n\n\n<p>DE245963238<\/p>\n\n\n\n<h3 class=\"wp-block-heading\">Inhaltlich Verantwortliche<\/h3>\n\n\n\n<p>Dr. Jochen Keilich, Berliner Freiheit 2, 10785 Berlin<br>Verena Braeckeler-Kogel, K\u00f6lnTurm, Im Mediapark 8, 50670 K\u00f6ln<\/p>\n\n\n\n<h3 class=\"wp-block-heading\">Konzept &amp; Design<\/h3>\n\n\n\n<p>nulleins\u2122 brand creation<br><a rel=\"noreferrer noopener\" aria-label=\" (\u00f6ffnet in neuem Tab)\" href=\"https:\/\/www.nulleins.de\" target=\"_blank\">www.nulleins.de<\/a><\/p>\n\n\n\n<h3 class=\"wp-block-heading\">Fotografie<\/h3>\n\n\n\n<p>Jens Oellermann<br><a href=\"http:\/\/oellermann.de\/\">http:\/\/oellermann.de\/<\/a> <\/p>\n\n\n\n<h3 class=\"wp-block-heading\">Webprogrammierung<\/h3>\n\n\n\n<p>fried-onions<br><a aria-label=\" (\u00f6ffnet in neuem Tab)\" href=\"http:\/\/www.fried-onions.com\" target=\"_blank\" rel=\"noreferrer noopener\">www.fried-onions.com<\/a><\/p>\n\n\n\n<h3 class=\"wp-block-heading\">Fotocredit <a href=\"https:\/\/pwwl.de\/ueber-uns\/\">https:\/\/pwwl.de\/ueber-uns\/<\/a>, Casa la Tigre<\/h3>\n\n\n\n<p><a href=\"https:\/\/thecoolhunter.net\/\">https:\/\/thecoolhunter.net\/<\/a>, K\u00fcnstler: Massimo Colonna<\/p>\n\n\n\n<h3 class=\"wp-block-heading\">Haftungshinweis<\/h3>\n\n\n\n<p>Die Haftung im Zusammenhang mit der Nutzung der auf dieser Seite zu findenden Informationen ist ausgeschlossen. Die auf der Website angegebenen Informationen dienen ausdr\u00fccklich nur der allgemeinen Information und Hilfestellung und ersetzen keinesfalls eine Rechtsberatung im Einzelfall.<\/p>\n\n\n\n<p>Trotz sorgf\u00e4ltiger inhaltlicher Kontrolle \u00fcbernehmen wir keine Haftung f\u00fcr die Inhalte externer Links. F\u00fcr den Inhalt der verlinkten Seiten sind ausschlie\u00dflich deren Betreiber verantwortlich.<\/p>\n<!-- AddThis Advanced Settings generic via filter on the_content --><!-- AddThis Share Buttons generic via filter on the_content -->","protected":false},"excerpt":{"rendered":"<p>Pflichtangaben gem\u00e4\u00df \u00a7 5 TMG \/ \u00a7 55 RStV und DL-InfoV Name Pusch Wahlig Workplace LawPartnerschaft von Rechtsanw\u00e4lten mit beschr\u00e4nkter Berufshaftung Rechtsform Partnerschaft im Sinne des Gesetzes \u00fcber Partnerschaftsgesellschaften Angeh\u00f6riger Freier Berufe Sitz und Handelsregisterangaben Sitz der Gesellschaft ist Berlin (eingetragen im Handelsregister des Amtsgerichts Charlottenburg unter PR 414 B) Berufsbezeichnung Rechtsanw\u00e4ltin oder Rechtsanwalt (verliehen [&hellip;]<\/p>\n","protected":false},"author":1,"featured_media":0,"parent":0,"menu_order":0,"comment_status":"closed","ping_status":"closed","template":"","meta":{"_acf_changed":false,"_seopress_robots_primary_cat":"","_seopress_titles_title":"Imprint - Pusch Wahlig Workplace Law","_seopress_titles_desc":"Mandatory details, relevant Chamber of Lawyers in the the offices of Pusch Wahlig Workplace Law in Berlin, D\u00fcsseldorf, Frankfurt, Munich, Hamburg.","_seopress_robots_index":"","footnotes":""},"knowledge_center_category":[],"class_list":["post-184","page","type-page","status-publish","hentry"],"acf":[],"_links":{"self":[{"href":"https:\/\/pwwl.de\/en\/wp-json\/wp\/v2\/pages\/184","targetHints":{"allow":["GET"]}}],"collection":[{"href":"https:\/\/pwwl.de\/en\/wp-json\/wp\/v2\/pages"}],"about":[{"href":"https:\/\/pwwl.de\/en\/wp-json\/wp\/v2\/types\/page"}],"author":[{"embeddable":true,"href":"https:\/\/pwwl.de\/en\/wp-json\/wp\/v2\/users\/1"}],"replies":[{"embeddable":true,"href":"https:\/\/pwwl.de\/en\/wp-json\/wp\/v2\/comments?post=184"}],"version-history":[{"count":43,"href":"https:\/\/pwwl.de\/en\/wp-json\/wp\/v2\/pages\/184\/revisions"}],"predecessor-version":[{"id":6167,"href":"https:\/\/pwwl.de\/en\/wp-json\/wp\/v2\/pages\/184\/revisions\/6167"}],"wp:attachment":[{"href":"https:\/\/pwwl.de\/en\/wp-json\/wp\/v2\/media?parent=184"}],"wp:term":[{"taxonomy":"knowledge_center_category","embeddable":true,"href":"https:\/\/pwwl.de\/en\/wp-json\/wp\/v2\/knowledge_center_category?post=184"}],"curies":[{"name":"wp","href":"https:\/\/api.w.org\/{rel}","templated":true}]}}